{"id":751,"date":"2023-11-29T12:19:03","date_gmt":"2023-11-29T11:19:03","guid":{"rendered":"https:\/\/www.harmony-makarska.com\/?page_id=751"},"modified":"2025-02-08T10:04:21","modified_gmt":"2025-02-08T09:04:21","slug":"house-rules","status":"publish","type":"page","link":"https:\/\/www.harmony-makarska.com\/de\/house-rules\/","title":{"rendered":"House Rules"},"content":{"rendered":"<div data-elementor-type=\"wp-page\" data-elementor-id=\"751\" class=\"elementor elementor-751\" data-elementor-post-type=\"page\">\n\t\t\t\t\t\t<section class=\"elementor-section elementor-top-section elementor-element elementor-element-6d58664 elementor-section-boxed elementor-section-height-default elementor-section-height-default elementor-invisible\" data-id=\"6d58664\" data-element_type=\"section\" data-settings=\"{&quot;animation&quot;:&quot;fadeIn&quot;}\">\n\t\t\t\t\t\t<div class=\"elementor-container elementor-column-gap-default\">\n\t\t\t\t\t<div class=\"elementor-column elementor-col-50 elementor-top-column elementor-element elementor-element-220da514\" data-id=\"220da514\" data-element_type=\"column\">\n\t\t\t<div class=\"elementor-widget-wrap elementor-element-populated\">\n\t\t\t\t\t\t<div class=\"elementor-element elementor-element-7e0b237 elementor-align-left elementor-list-item-link-inline elementor-icon-list--layout-traditional elementor-invisible elementor-widget elementor-widget-icon-list\" data-id=\"7e0b237\" data-element_type=\"widget\" data-settings=\"{&quot;_animation&quot;:&quot;fadeInUp&quot;}\" data-widget_type=\"icon-list.default\">\n\t\t\t\t<div class=\"elementor-widget-container\">\n\t\t\t\t\t\t\t<ul class=\"elementor-icon-list-items\">\n\t\t\t\t\t\t\t<li class=\"elementor-icon-list-item\">\n\t\t\t\t\t\t\t\t\t\t\t<a href=\"#\">\n\n\t\t\t\t\t\t\t\t\t\t\t\t<span class=\"elementor-icon-list-icon\">\n\t\t\t\t\t\t\t<i aria-hidden=\"true\" class=\"icon icon-map-marker\"><\/i>\t\t\t\t\t\t<\/span>\n\t\t\t\t\t\t\t\t\t\t<span class=\"elementor-icon-list-text\">Villa Harmony <br> Stari Velikobrdski put 153 A  <br> 21300 Makarska, Kroatien <\/span>\n\t\t\t\t\t\t\t\t\t\t\t<\/a>\n\t\t\t\t\t\t\t\t\t<\/li>\n\t\t\t\t\t\t<\/ul>\n\t\t\t\t\t\t<\/div>\n\t\t\t\t<\/div>\n\t\t\t\t\t<\/div>\n\t\t<\/div>\n\t\t\t\t<div class=\"elementor-column elementor-col-50 elementor-top-column elementor-element elementor-element-5d1b650\" data-id=\"5d1b650\" data-element_type=\"column\">\n\t\t\t<div class=\"elementor-widget-wrap\">\n\t\t\t\t\t\t\t<\/div>\n\t\t<\/div>\n\t\t\t\t\t<\/div>\n\t\t<\/section>\n\t\t\t\t<section class=\"elementor-section elementor-top-section elementor-element elementor-element-a3cdc4d elementor-section-boxed elementor-section-height-default elementor-section-height-default\" data-id=\"a3cdc4d\" data-element_type=\"section\">\n\t\t\t\t\t\t<div class=\"elementor-container elementor-column-gap-default\">\n\t\t\t\t\t<div class=\"elementor-column elementor-col-100 elementor-top-column elementor-element elementor-element-9a6c67e\" data-id=\"9a6c67e\" data-element_type=\"column\">\n\t\t\t<div class=\"elementor-widget-wrap elementor-element-populated\">\n\t\t\t\t\t\t<div class=\"elementor-element elementor-element-337a8ac elementor-invisible elementor-widget elementor-widget-heading\" data-id=\"337a8ac\" data-element_type=\"widget\" data-settings=\"{&quot;_animation&quot;:&quot;fadeInUp&quot;}\" data-widget_type=\"heading.default\">\n\t\t\t\t<div class=\"elementor-widget-container\">\n\t\t\t\t\t<h3 class=\"elementor-heading-title elementor-size-default\">Werte G\u00e4ste,<\/h3>\t\t\t\t<\/div>\n\t\t\t\t<\/div>\n\t\t\t\t<div class=\"elementor-element elementor-element-b237b1f elementor-widget-tablet__width-inherit elementor-invisible elementor-widget elementor-widget-text-editor\" data-id=\"b237b1f\" data-element_type=\"widget\" data-settings=\"{&quot;_animation&quot;:&quot;fadeInUp&quot;}\" data-widget_type=\"text-editor.default\">\n\t\t\t\t<div class=\"elementor-widget-container\">\n\t\t\t\t\t\t\t\t\t<p>wir hei\u00dfen Sie in der Villa Harmony herzlich willkommen. Bitte f\u00fchlen Sie sich bei uns wie zu Hause! Wir werden unser Bestes tun, um Ihren Aufenthalt so angenehm wie m\u00f6glich zu gestalten. Genie\u00dfen Sie die kostbarste Zeit des Jahres - Ihren Urlaub - in vollen Z\u00fcgen, wir k\u00fcmmern uns um den Rest!<\/p><p>Unsere kompetente Managerin und umsichtige Gastgeberin vor Ort, Frau Melani Manduri\u0107 Juri\u0161i\u0107, wird sich w\u00e4hrend Ihres gesamten Aufenthaltes hier in Veliko Brdo gerne um Ihre Anliegen bem\u00fchen. Auch Fragen zu Restaurantreservierungen, Catering Services, Bootsbuchungen, Ausfl\u00fcgen und Transfers oder \u00c4hnlichem, beantwortet Sie Ihnen gerne. Kontaktieren Sie Melani jederzeit, wenn Sie Hilfe oder eine Information ben\u00f6tigen. Bereits direkt nach Ihrer Ankunft wird Sie die Gastgeberin durch die Villa f\u00fchren und Ihnen alles Wissenswerte \u00fcber diese Wohlf\u00fchloase erkl\u00e4ren.<\/p><p>Wir haben viel M\u00fche und Herzblut in die Gestaltung des Hauses gesteckt. Wir sch\u00e4tzen daher auch Ihren sorgsamen und respektvollen Umgang mit den R\u00e4umlichkeiten und dem Inventar. Damit unterst\u00fctzen Sie uns, unsere Villa weiterhin zu diesen Bedingungen zur Verf\u00fcgung stellen zu k\u00f6nnen.<\/p><p>Die folgenden \u201eAllgemeinen Informationen &amp; Nutzungsbedingungen\u201c sollen allen Beteiligten helfen, ein harmonisches Miteinander zu erleben. Wir sch\u00e4tzen Ihr Verst\u00e4ndnis f\u00fcr die Bedeutung dieser Hausordnung und bitten Sie dringend sich auch daran zu halten.<\/p><p>In diesem Sinne w\u00fcnschen wir Ihnen einen erholsamen Urlaub und hoffen, dass Sie die Sch\u00f6nheit dieses Pl\u00e4tzchens genie\u00dfen werden!<\/p><p>Mit freundlichen Gr\u00fc\u00dfen,<\/p><p>Anneliese &amp; Josef<\/p>\t\t\t\t\t\t\t\t<\/div>\n\t\t\t\t<\/div>\n\t\t\t\t\t<\/div>\n\t\t<\/div>\n\t\t\t\t\t<\/div>\n\t\t<\/section>\n\t\t<div class=\"elementor-element elementor-element-65ca3d16 e-flex e-con-boxed e-con e-parent\" data-id=\"65ca3d16\" data-element_type=\"container\">\n\t\t\t\t\t<div class=\"e-con-inner\">\n\t\t\t\t<div class=\"elementor-element elementor-element-77152945 elementor-invisible elementor-widget elementor-widget-accordion\" data-id=\"77152945\" data-element_type=\"widget\" data-settings=\"{&quot;_animation&quot;:&quot;fadeInUp&quot;}\" data-widget_type=\"accordion.default\">\n\t\t\t\t<div class=\"elementor-widget-container\">\n\t\t\t\t\t\t\t<div class=\"elementor-accordion\">\n\t\t\t\t\t\t\t<div class=\"elementor-accordion-item\">\n\t\t\t\t\t<h6 id=\"elementor-tab-title-1991\" class=\"elementor-tab-title\" data-tab=\"1\" role=\"button\" aria-controls=\"elementor-tab-content-1991\" aria-expanded=\"false\">\n\t\t\t\t\t\t\t\t\t\t\t\t\t<span class=\"elementor-accordion-icon elementor-accordion-icon-right\" aria-hidden=\"true\">\n\t\t\t\t\t\t\t\t\t\t\t\t\t\t\t<span class=\"elementor-accordion-icon-closed\"><i class=\"icon icon-plus\"><\/i><\/span>\n\t\t\t\t\t\t\t\t<span class=\"elementor-accordion-icon-opened\"><i class=\"icon icon-minus\"><\/i><\/span>\n\t\t\t\t\t\t\t\t\t\t\t\t\t\t<\/span>\n\t\t\t\t\t\t\t\t\t\t\t\t<a class=\"elementor-accordion-title\" tabindex=\"0\">Allgemeine Informationen &amp; Nutzungsbedingungen<\/a>\n\t\t\t\t\t<\/h6>\n\t\t\t\t\t<div id=\"elementor-tab-content-1991\" class=\"elementor-tab-content elementor-clearfix\" data-tab=\"1\" role=\"region\" aria-labelledby=\"elementor-tab-title-1991\"><p><strong><u>Check-In &amp; Check-Out<\/u><\/strong><\/p><ul><li>Check-In ist t\u00e4glich zwischen 16:00 bis 23:00 Uhr.<\/li><li>Check-Out ist t\u00e4glich zwischen 07:00 bis 10:00 Uhr.<\/li><li>Davon abweichende Ankunfts- oder Abreisezeiten sind mit der Gastgeberin individuell zu vereinbaren.<\/li><li>F\u00fcr die erforderliche Touristenregistrierung bitten wir Sie sich uns auszuweisen.<\/li><li>Personen, die nicht als G\u00e4ste gemeldet sind, d\u00fcrfen ohne Erlaubnis der Gastgeberin nicht im Haus wohnen und \u00fcbernachten.<\/li><\/ul><p><strong><u>Kontaktdaten Ihrer Gastgeberin <\/u><\/strong><\/p><ul><li>Name: Fr. Melani Manduri\u0107 Juri\u0161i\u0107<\/li><li>Telefon: +385 919 18 22 97<\/li><li>E-Mail: <a href=\"mailto:melani.jurisic.im@gmail.com\">melani.jurisic.im@gmail.com<\/a><\/li><\/ul><p><strong><u>WLAN<\/u><\/strong><\/p><ul><li>Das WLAN-Passwort finden Sie in der Informationsmappe, die neben dem Fernseher im Wohnzimmer liegt.<\/li><\/ul><p><strong><u>Erste-Hilfe-Kasten<\/u><\/strong><\/p><ul><li>Der Erste-Hilfe-Kasten befindet sich im K\u00fcchenschrank \u00fcber dem Backofen.<\/li><\/ul><p><strong><u>Sorgfalts- und Berichtspflicht seitens der G\u00e4ste<\/u><\/strong><\/p><ul><li>Wir bitten Sie, die gemietete Einheit, einschlie\u00dflich der M\u00f6bel und Ger\u00e4te, sowie die Gr\u00fcnanlagen pfleglich zu behandeln. Daf\u00fcr sind wir Ihnen sehr dankbar.<\/li><li>Immer, wenn Sie die Ferienwohnung verlassen, m\u00fcssen Sie daf\u00fcr sorgen, dass elektrische Ger\u00e4te ausgeschaltet, alle Wasserleitungen, Fenster und T\u00fcren geschlossen und die T\u00fcren versperrt sind. Dies tr\u00e4gt zur Sicherheit bei und sch\u00fctzt vor Wasser- und Unwettersch\u00e4den.<\/li><li>Sie sollten die Klimaanlage nicht bei offenen Fenstern und T\u00fcren laufen lassen und diese auch abschalten, wenn Sie das Haus verlassen. Unsere Empfehlung basiert auf nachhaltigen und thermophysikalischen Aspekten: Der optimale K\u00fchleffekt wird erreicht, in dem der Thermostat konstant auf 24\u00b0C eingestellt bleibt, Fenster und T\u00fcren immer geschlossen sind und das K\u00fchlger\u00e4t im Dauerbetrieb l\u00e4uft. Es macht keinen Sinn, den Regler auf 16\u00b0C einzustellen, diese Termperatur kann nicht erreicht werden. Au\u00dferdem schaltet sich das Ger\u00e4t bei \u00dcberlastung automatisch ab.<\/li><li>Das Mitbringen von Waffen, brennbaren und explosiven Stoffen sowie stark und unangenehm riechenden Gegenst\u00e4nden ist nicht erlaubt.<\/li><li>Es ist nicht erlaubt, M\u00f6bel und Ausstattung innerhalb des Geb\u00e4udes umzur\u00e4umen oder von innen nach au\u00dfen zu verlagern (St\u00fchle vom Esszimmer auf die Terrasse, K\u00fcchenger\u00e4te f\u00fcr die Zubereitung von Speisen nach drau\u00dfen, usw).<\/li><li>Die Gastgeberin und die Eigent\u00fcmer der Villa Harmony haften bei etwaigen Unf\u00e4llen nicht f\u00fcr Sach- oder Personensch\u00e4den ihrer G\u00e4ste.<\/li><li>Bitte schlie\u00dfen Sie alle Terrassent\u00fcren und sperren Sie den Haupteingang ab, wenn Sie zu Bett gehen.<\/li><li>Wenn Sie beabsichtigen, zwei oder mehrere Tage abwesend zu sein, ist die Gastgeberin vorab zu informieren.<\/li><li>St\u00f6rungen an Ger\u00e4ten oder andere M\u00e4ngel bitten wir Sie der Gastgeberin unverz\u00fcglich zu melden, damit diese so schnell wie m\u00f6glich behoben werden k\u00f6nnen.<\/li><\/ul><p><strong><u>Aufsichtspflicht von Erziehungsberechtigten<\/u><\/strong><\/p><ul><li>Wir bem\u00fchen uns, unsere Ferienunterkunft so kinderfreundlich wie m\u00f6glich zu gestalten. Um diese Motivation hochzuhalten, bitten wir Sie um Ihre verl\u00e4ssliche Unterst\u00fctzung.<\/li><li>Lassen Sie Kinder im Mietobjekt niemals unbeaufsichtigt.<\/li><li>Eltern oder Erziehungsberechtigte sind jederzeit f\u00fcr die Sicherheit ihrer Kinder verantwortlich und m\u00fcssen auch daf\u00fcr sorgen, dass andere Bewohner in der Nachbarschaft nicht gest\u00f6rt werden.<\/li><li>S\u00e4uglinge und Kleinkinder, die nicht schwimmen k\u00f6nnen, bed\u00fcrfen der besonderen Aufmerksamkeit von Erwachsenen, insbesondere in der N\u00e4he des Schwimmbeckens.<\/li><\/ul><p><strong><u>Reinigung und W\u00e4scheservice<\/u><\/strong><\/p><ul><li>Bitte halten Sie die Unterkunft w\u00e4hrend Ihres Aufenthalts sauber und aufger\u00e4umt! Wir sch\u00e4tzen es sehr, wenn Sie die Villa in demselben Zustand verlassen, wie Sie sie bei Ihrer Ankunft vorgefunden haben.<\/li><li>Im Buchungspreis inbegriffen sind unter anderem auch die Endreinigung, eine W\u00e4sche-, Bad- und Pooltuchgarnitur.<\/li><li>Wenn Sie zus\u00e4tzliches Service w\u00fcnschen, das wir aber in Rechnung stellen m\u00fcssen, wenden Sie sich bitte an die Gastgeberin.\u00a0<\/li><li>Bitte beachten Sie, dass das Geschirr erst nach dem Abwaschen in die Schr\u00e4nke zur\u00fcckgestellt werden darf. Das gleiche gilt auch f\u00fcr Besteck, T\u00f6pfe und alle anderen K\u00fcchenutensilien, die Sie benutzt haben.<\/li><\/ul><p><strong><u>Abfall und M\u00fcll<\/u><\/strong><\/p><ul><li>Bitte deponieren Sie Ihre Abf\u00e4lle und Ihren M\u00fcll in den Containern die stra\u00dfenseitig in der Mauernische stehen. M\u00fclltrennung wird sehr begr\u00fc\u00dft!<\/li><li>In Waschbecken, Duschen und Toiletten d\u00fcrfen keine Abf\u00e4lle, Speisereste, sch\u00e4dliche Fl\u00fcssigkeiten oder \u00c4hnliches entsorgt werden.<\/li><li>Hygieneartikel (Damenbinden, Tampons, Wattest\u00e4bchen, etc.) geh\u00f6ren in den daf\u00fcr vorgesehenen Abfallbeh\u00e4lter im Badezimmer. Diese Produkte k\u00f6nnen zu schweren Verstopfungen f\u00fchren, wenn sie in Toilettensch\u00fcsseln entsorgt werden.<\/li><\/ul><p><strong><u>Terrasse<\/u><\/strong><\/p><ul><li>Sonnenschirme m\u00fcssen jeden Abend oder beim Verlassen des Anwesens geschlossen, abgebaut und verstaut werden. Die Schirmst\u00e4nder k\u00f6nnen an Ort und Stelle bleiben.<\/li><li>Wenn starker Wind zu erwarten ist, tragen Sie bitte Gl\u00e4ser, Geschirr und Kissen ins Haus und stellen Sie alle Au\u00dfenm\u00f6bel zumindest in die gesch\u00fctzte Ecke des Grillplatzes oder kontaktieren Sie die Gastgeberin. Starke Windb\u00f6en sind typisch f\u00fcr diese Region. Sie k\u00f6nnen sehr gef\u00e4hrlich sein, unvorhergesehen auftreten und schwere Sch\u00e4den verursachen!<\/li><\/ul><p><strong><u>Schwimmbad<\/u><\/strong><\/p><ul><li>Die Benutzung des Schwimmbades erfolgt auf eigene Gefahr.<\/li><li>Kinder m\u00fcssen st\u00e4ndig beaufsichtigt werden.<\/li><li>Eine Ganzk\u00f6rperdusche vor der Benutzung des Schwimmbades sollte selbstverst\u00e4ndlich sein.<\/li><li>Sie sollten nicht nass ins Haus gehen, es besteht Rutschgefahr.<\/li><li>Bitte setzen Sie sich nicht mit nasser Kleidung auf Innenraumm\u00f6bel.<\/li><li>Das Betreten des Pools mit Glasgegenst\u00e4nden sowie das Baden mit Schuhen ist nicht gestattet.<\/li><li>Das Schwimmbad ist, je nach Wetterlage, von Anfang (Mai) Juni bis Ende September (Oktober) in Betrieb.<\/li><li>Die Gastgeberin sorgt, jeden dritten Tag zwischen 07:00 und 09:00 Uhr oder nach Vereinbarung, f\u00fcr die Reinigung des Pools.<\/li><\/ul><p><strong><u>Grillen<\/u><\/strong><\/p><ul><li>Beim Grillen d\u00fcrfen nur die daf\u00fcr vorgesehenen Grillutensilien verwendet werden, nicht die K\u00fcchenwerkzeuge.<\/li><li>Halten Sie beim Grillen das Feuer st\u00e4ndig unter Kontrolle. Im Sommer ist alles in der Natur sehr trocken und leicht entflammbar.<\/li><li>Grillen Sie bitte nicht bei starkem Wind oder wenn in der Wetterprognose ein solcher vorhergesagt wird.<\/li><li>Setzen Sie nach dem Grillen das Schutzblech auf. Dadurch kann keine hei\u00dfe Asche entweichen, sollte w\u00e4hrend der Nacht Wind aufkommen. Bitte entsorgen Sie am n\u00e4chsten Morgen die kalte Asche in den daf\u00fcr bereitgestellten Aschebeh\u00e4lter.<\/li><li>F\u00fcllen Sie niemals hei\u00dfe Asche in einen gew\u00f6hnlichen M\u00fcllbeh\u00e4lter. Das bedeutet h\u00f6chste Brandgefahr!<\/li><\/ul><p><strong><u>Rauchen<\/u><\/strong><\/p><ul><li>Rauchen d\u00fcrfen Sie gerne auf der Terrasse oder dem Balkon, im Inneren des Hauses ist es untersagt. Wir bitten Sie, Zigarettenreste nur in daf\u00fcr vorgesehene Aschenbecher zu entsorgen. Werfen Sie Zigarettenstummel nicht achtlos ins Gel\u00e4nde oder \u00fcber die Mauern. Hier besteht vor allem im Sommer erh\u00f6hte Brandgefahr! Es stehen gen\u00fcgend Aschenbecher zur Verf\u00fcgung, bitte benutzen Sie diese.<\/li><li>Bevor Sie einen Aschenbecher in die M\u00fclltonne entleeren, vergewissern Sie sich, dass die Zigarettenreste erkaltet sind und nicht mehr gl\u00fchen.<\/li><\/ul><p><strong><u>Nachtruhe<\/u><\/strong><\/p><ul><li>Die Nachtruhe dauert von 23:00 Uhr bis 08:00 Uhr am n\u00e4chsten Morgen. Aus R\u00fccksicht auf die anderen G\u00e4ste in Ihrer Nachbarschaft bitten wir Sie, in dieser Zeit nicht zu l\u00e4rmen.<\/li><\/ul><p><strong><u>Partys und Live-Musik<\/u><\/strong><\/p><ul><li>Es ist nicht gestattet, im Haus und\/oder auf dem Grundst\u00fcck Partys oder Live-Musik zu veranstalten. Wenn Sie die \u00f6ffentliche Ordnung durch L\u00e4rm st\u00f6ren und nach einer Ermahnung nicht Ruhe einkehrt, kann dies als schwerwiegender Versto\u00df gegen die Bedingungen des Mietvertrags eingestuft werden und entsprechende Konsequenzen nach sich ziehen. Siehe dazu den Punkt \"Rechte und Pflichten der Gastgeberin und der Eigent\u00fcmer\".<\/li><\/ul><p><strong><u>Haustiere<\/u><\/strong><\/p><ul><li>Leider k\u00f6nnen wir, ausnahmslos, keine Haustiere beherbergen.<\/li><\/ul><p><strong><u>Rechte und Pflichten der Gastgeberin und der Eigent\u00fcmer<\/u><\/strong><\/p><ul><li>Der Gastgeberin ist es nicht gestattet, das Mietobjekt w\u00e4hrend Ihrer Abwesenheit zu betreten. Ausgenommen davon sind Sondersituationen um absehbare Sch\u00e4den\noder Gefahren zu verhindern. (bei Wasseraustritt, Feuer, usw.). Die Gastgeberin ist verpflichtet, Sie unmittelbar danach dar\u00fcber zu informieren, was w\u00e4hrend Ihrer Abwesenheit vorgefallen ist.<\/li><li>Wenn die Gastgeberin begr\u00fcndete Anhaltspunkte daf\u00fcr hat, dass gegen die geltenden Nutzungsbedingungen versto\u00dfen wurde und dadurch Schaden entstanden sein k\u00f6nnte, sind Sie verpflichtet, ihr den Zutritt zur Wohneinheit zu gestatten, um dies zu \u00fcberpr\u00fcfen.<\/li><li>Wenn Sie sich trotz Abmahnung dennoch nicht an die Hausordnung halten, kann dies als schwerwiegender Versto\u00df gegen die Nutzungsklauseln der Mietvereinbarung gewertet werden. In diesem Fall ist der Eigent\u00fcmer berechtigt, den Mietvertrag mit sofortiger Wirkung und ohne Vorank\u00fcndigung zu k\u00fcndigen. Sie sind dann verpflichtet, die Villa innerhalb von zwei Stunden endg\u00fcltig zu verlassen und haben keinen Anspruch auf R\u00fcckerstattung des bezahlten Mietpreises durch den Eigent\u00fcmer.<\/li><\/ul><p><strong><u>Schadenersatz und Kaution<\/u><\/strong><\/p><ul><li>Bevor Sie in die Villa einchecken, m\u00fcssen Sie auf das Konto der Gastgeberin eine Kaution von 300 EUR \u00fcberweisen bzw. den Betrag bar hinterlegen. Die Kaution dient dem Eigent\u00fcmer als Sicherheit f\u00fcr alle von Ihnen verursachten Sch\u00e4den im Haus, an den M\u00f6beln und Ger\u00e4ten.<\/li><li>Es w\u00e4re angebracht, Sch\u00e4den jeglicher Art, die sie w\u00e4hrend Ihres Aufenthaltes verursacht haben, unmittelbar nach dem Entstehen zu melden.<\/li><li>Eine Spezialreinigung, die erforderlich ist, weil Sie die Villa in besonders schlechtem Zustand an den Eigent\u00fcmer zur\u00fcckgegeben haben, kann ebenfalls als Schaden gewertet und damit in Rechnung gestellt werden.<\/li><li>Der Eigent\u00fcmer ist berechtigt, alle von Ihnen verursachten Sch\u00e4den aus der Kaution zu decken. Wenn die Kautionssumme die Schadenskosten nicht deckt, sind Sie verpflichtet, die Differenz bis zum Gesamtbetrag des Schadens direkt an den Eigent\u00fcmer zu zahlen.<\/li><li>Sollten Sie Schl\u00fcssel verlieren, bitten wir um Ihr Verst\u00e4ndnis, dass wir Ihnen die Nachfertigung ebenfalls in Rechnung stellen.<\/li><li>Wenn kein kostenverursachender Schaden entstanden ist, ist die Gastgeberin verpflichtet, Ihnen die Kaution beim Auschecken wieder in bar, oder innerhalb von sieben Werktagen nach der Abreise per \u00dcberweisung bzw. in bar, vollst\u00e4ndig zur\u00fcckzuzahlen.<\/li><\/ul><p><strong><u>Abreise<\/u><\/strong><\/p><ul><li>Wir bitten Sie, auf Ihre Sachen und Wertgegenst\u00e4nde, die Sie in der Villa aufbewahren, gut aufzupassen. Die Gastgeberin und die Eigent\u00fcmer haften nicht f\u00fcr m\u00f6gliche Verluste. Sollten Sie im Haus etwas verlegt haben, teilen Sie uns das bitte mit, damit wir bei der \u00dcbernahme und der Reinigung des Ferienhauses nach dem Gegenstand suchen k\u00f6nnen.<\/li><li>Vor der Schl\u00fcsselr\u00fcckgabe werden Sie abschlie\u00dfend gemeinsam mit Ihrer Gastgeberin die R\u00e4ume und Au\u00dfenanlage des Ferienhauses inspizieren, um festzustellen, ob es irgendwelche von Ihnen verursachte Sch\u00e4den gibt.<\/li><li>Bei der Abreise sollten keine Lebensmittel- oder Getr\u00e4nkereste in der Villa zur\u00fcckgelassen werden.<\/li><li>Es d\u00fcrfen keine Gegenst\u00e4nde aus der Villa mit nach Hause genommen werden.<\/li><\/ul><p><strong><u>Beschwerden<\/u><\/strong><\/p><ul><li>Bei Problemen w\u00e4hrend des Aufenthalts, wie z.B. unzureichender Reinigung, Sch\u00e4den oder anderen Unregelm\u00e4\u00dfigkeiten, sollte die Gastgeberin sofort informiert werden, am besten per Telefon. So kann das Problem rasch gel\u00f6st werden. Schriftliche Beschwerden schicken Sie bitte an die E-Mail-Adresse Ihrer Gastgeberin Melani.\u00a0 \u00a0 \u00a0 \u00a0 \u00a0 \u00a0<\/li><\/ul><\/div>\n\t\t\t\t<\/div>\n\t\t\t\t\t\t\t\t<\/div>\n\t\t\t\t\t\t<\/div>\n\t\t\t\t<\/div>\n\t\t\t\t\t<\/div>\n\t\t\t\t<\/div>\n\t\t<div class=\"elementor-element elementor-element-a6be67b e-flex e-con-boxed e-con e-parent\" data-id=\"a6be67b\" data-element_type=\"container\">\n\t\t\t\t\t<div class=\"e-con-inner\">\n\t\t<div class=\"elementor-element elementor-element-f978b3c e-con-full e-flex e-con e-child\" data-id=\"f978b3c\" data-element_type=\"container\">\n\t\t\t\t<div class=\"elementor-element elementor-element-9c061eb elementor-widget elementor-widget-text-editor\" data-id=\"9c061eb\" data-element_type=\"widget\" data-widget_type=\"text-editor.default\">\n\t\t\t\t<div class=\"elementor-widget-container\">\n\t\t\t\t\t\t\t\t\t<p><strong>Die Eigent\u00fcmer<\/strong><br \/>Anneliese &amp; Josef Ortner<\/p>\t\t\t\t\t\t\t\t<\/div>\n\t\t\t\t<\/div>\n\t\t\t\t<\/div>\n\t\t<div class=\"elementor-element elementor-element-4cc1c4b e-con-full e-flex e-con e-child\" data-id=\"4cc1c4b\" data-element_type=\"container\">\n\t\t\t\t<div class=\"elementor-element elementor-element-772cb29 elementor-widget elementor-widget-text-editor\" data-id=\"772cb29\" data-element_type=\"widget\" data-widget_type=\"text-editor.default\">\n\t\t\t\t<div class=\"elementor-widget-container\">\n\t\t\t\t\t\t\t\t\t<p><strong>Die Gastgeberin<\/strong><br \/>Melani Manduri\u0107 Juri\u0161i\u0107<\/p>\t\t\t\t\t\t\t\t<\/div>\n\t\t\t\t<\/div>\n\t\t\t\t<\/div>\n\t\t<div class=\"elementor-element elementor-element-15da1f4 e-con-full elementor-hidden-mobile e-flex e-con e-child\" data-id=\"15da1f4\" data-element_type=\"container\">\n\t\t\t\t<\/div>\n\t\t<div class=\"elementor-element elementor-element-4df1d42 e-con-full elementor-hidden-mobile e-flex e-con e-child\" data-id=\"4df1d42\" data-element_type=\"container\">\n\t\t\t\t<\/div>\n\t\t\t\t\t<\/div>\n\t\t\t\t<\/div>\n\t\t\t\t<\/div>","protected":false},"excerpt":{"rendered":"<p>Villa Harmony Stari Velikobrdski put 153 A 21300 Makarska, Croatia Dear guests, we warmly welcome you at Villa Harmony. Please feel at home with us! We will do our best to make your stay as pleasant as possible. Enjoy the most precious time of the year &#8211; your holiday &#8211; to the fullest, we will [&hellip;]<\/p>","protected":false},"author":1,"featured_media":0,"parent":0,"menu_order":0,"comment_status":"closed","ping_status":"closed","template":"","meta":{"site-sidebar-layout":"no-sidebar","site-content-layout":"","ast-site-content-layout":"full-width-container","site-content-style":"default","site-sidebar-style":"default","ast-global-header-display":"","ast-banner-title-visibility":"","ast-main-header-display":"","ast-hfb-above-header-display":"","ast-hfb-below-header-display":"","ast-hfb-mobile-header-display":"","site-post-title":"disabled","ast-breadcrumbs-content":"","ast-featured-img":"disabled","footer-sml-layout":"","theme-transparent-header-meta":"","adv-header-id-meta":"","stick-header-meta":"","header-above-stick-meta":"","header-main-stick-meta":"","header-below-stick-meta":"","astra-migrate-meta-layouts":"default","ast-page-background-enabled":"default","ast-page-background-meta":{"desktop":{"background-color":"var(--ast-global-color-4)","background-image":"","background-repeat":"repeat","background-position":"center center","background-size":"auto","background-attachment":"scroll","background-type":"","background-media":"","overlay-type":"","overlay-color":"","overlay-opacity":"","overlay-gradient":""},"tablet":{"background-color":"","background-image":"","background-repeat":"repeat","background-position":"center center","background-size":"auto","background-attachment":"scroll","background-type":"","background-media":"","overlay-type":"","overlay-color":"","overlay-opacity":"","overlay-gradient":""},"mobile":{"background-color":"","background-image":"","background-repeat":"repeat","background-position":"center center","background-size":"auto","background-attachment":"scroll","background-type":"","background-media":"","overlay-type":"","overlay-color":"","overlay-opacity":"","overlay-gradient":""}},"ast-content-background-meta":{"desktop":{"background-color":"var(--ast-global-color-5)","background-image":"","background-repeat":"repeat","background-position":"center center","background-size":"auto","background-attachment":"scroll","background-type":"","background-media":"","overlay-type":"","overlay-color":"","overlay-opacity":"","overlay-gradient":""},"tablet":{"background-color":"var(--ast-global-color-5)","background-image":"","background-repeat":"repeat","background-position":"center center","background-size":"auto","background-attachment":"scroll","background-type":"","background-media":"","overlay-type":"","overlay-color":"","overlay-opacity":"","overlay-gradient":""},"mobile":{"background-color":"var(--ast-global-color-5)","background-image":"","background-repeat":"repeat","background-position":"center center","background-size":"auto","background-attachment":"scroll","background-type":"","background-media":"","overlay-type":"","overlay-color":"","overlay-opacity":"","overlay-gradient":""}},"footnotes":""},"class_list":["post-751","page","type-page","status-publish","hentry"],"_links":{"self":[{"href":"https:\/\/www.harmony-makarska.com\/de\/wp-json\/wp\/v2\/pages\/751","targetHints":{"allow":["GET"]}}],"collection":[{"href":"https:\/\/www.harmony-makarska.com\/de\/wp-json\/wp\/v2\/pages"}],"about":[{"href":"https:\/\/www.harmony-makarska.com\/de\/wp-json\/wp\/v2\/types\/page"}],"author":[{"embeddable":true,"href":"https:\/\/www.harmony-makarska.com\/de\/wp-json\/wp\/v2\/users\/1"}],"replies":[{"embeddable":true,"href":"https:\/\/www.harmony-makarska.com\/de\/wp-json\/wp\/v2\/comments?post=751"}],"version-history":[{"count":0,"href":"https:\/\/www.harmony-makarska.com\/de\/wp-json\/wp\/v2\/pages\/751\/revisions"}],"wp:attachment":[{"href":"https:\/\/www.harmony-makarska.com\/de\/wp-json\/wp\/v2\/media?parent=751"}],"curies":[{"name":"wp","href":"https:\/\/api.w.org\/{rel}","templated":true}]}}